{"id":1005,"date":"2022-06-06T11:24:18","date_gmt":"2022-06-06T08:24:18","guid":{"rendered":"https:\/\/www.urv.fi\/contact-details"},"modified":"2022-08-10T11:41:07","modified_gmt":"2022-08-10T08:41:07","slug":"contact-details","status":"publish","type":"page","link":"https:\/\/www.urv.fi\/en\/contact-details","title":{"rendered":"Contact details"},"content":{"rendered":"\n<h1>Contact details<\/h1>\n<p>Easy to reach, flexible in service<\/p>\n<h2>\n\t\tContact <strong>Reachable and flexible<\/strong>\n\t<\/h2>\n\t<a class=\"btn-1 finance \" title=\"Finance\">Finance<\/a><a class=\"btn-1 logistics \" title=\"Logistics and the order to supply process\">Logistics and the order to supply process<\/a><a class=\"btn-1 sales-and-customer-support \" title=\"Sales and customer support\">Sales and customer support<\/a><a class=\"btn-1 urv-china-en \" title=\"URV China\">URV China<\/a><a class=\"btn-1 urv-production \" title=\"URV Production\">URV Production<\/a>\n\t<div id=\"myynti-ja-asiakastuki\" class=\"hk-rivi aktiivinen\"><div class=\"hk-tiedot\"><img decoding=\"async\" src=\"https:\/\/www.urv.fi\/content\/uploads\/2022\/06\/uudenkaupungin-rautavalimo-oy--timo-rautarinta-toimitusjohtaja-664x664.jpg\"><p><strong>Timo Rautarinta<\/strong> Managing Director<\/p><p class=\"accordion-toggle\" style=\"cursor:pointer;\">\r\n             Show contact information <span class=\"toggle-icon\">+<\/span>\r\n        <\/p><div class=\"accordion-content\" style=\"display:none;\"><a class=\"mt-25\" href=\"tel:+358505660055\">+358 50 566 0055<\/a><a href=\"mailto:timo.rautarinta@urv.fi\">timo.rautarinta@urv.fi<\/a><\/div><\/div><div class=\"hk-tiedot\"><img decoding=\"async\" src=\"https:\/\/www.urv.fi\/content\/uploads\/2022\/06\/uudenkaupungin-rautavalimo-oy--harri-orko_myyntipaallikko-664x664.jpg\"><p><strong>Harri Orko<\/strong> Sales Manager<\/p><p class=\"accordion-toggle\" style=\"cursor:pointer;\">\r\n             Show contact information <span class=\"toggle-icon\">+<\/span>\r\n        <\/p><div class=\"accordion-content\" style=\"display:none;\"><a class=\"mt-25\" href=\"tel:+358503595744\">+358 50 359 5744<\/a><a href=\"mailto:harri.orko@urv.fi\">harri.orko@urv.fi<\/a><\/div><\/div><div class=\"hk-tiedot\"><img decoding=\"async\" src=\"https:\/\/www.urv.fi\/content\/uploads\/2022\/06\/uudenkaupungin-rautavalimo-oy--leif-jarf_myyntipaallikko-664x664.jpg\"><p><strong>Leif J\u00e4rf<\/strong> Sales Manager<\/p><p class=\"accordion-toggle\" style=\"cursor:pointer;\">\r\n             Show contact information <span class=\"toggle-icon\">+<\/span>\r\n        <\/p><div class=\"accordion-content\" style=\"display:none;\"><a class=\"mt-25\" href=\"tel:+358405311821\">+358 40 531 1821<\/a><a href=\"mailto:leif.jarf@urv.fi\">leif.jarf@urv.fi<\/a><\/div><\/div><div class=\"hk-tiedot\"><img decoding=\"async\" src=\"https:\/\/www.urv.fi\/content\/uploads\/2023\/06\/urv-marko-telenius.jpg\"><p><strong>Marko Telenius<\/strong> Sales Manager<\/p><p class=\"accordion-toggle\" style=\"cursor:pointer;\">\r\n             Show contact information <span class=\"toggle-icon\">+<\/span>\r\n        <\/p><div class=\"accordion-content\" style=\"display:none;\"><a class=\"mt-25\" href=\"tel:+358407666524\">+358 40 766 6524<\/a><a href=\"mailto:marko.telenius@urv.fi\">marko.telenius@urv.fi<\/a><\/div><\/div><div class=\"hk-tiedot\"><img decoding=\"async\" src=\"https:\/\/www.urv.fi\/content\/uploads\/2022\/06\/uudenkaupungin-rautavalimo-oy--toni-jarvinen_menetelmasuunnittelija-664x664.jpg\"><p><strong>Toni J\u00e4rvinen<\/strong> Sales Manager<\/p><p class=\"accordion-toggle\" style=\"cursor:pointer;\">\r\n             Show contact information <span class=\"toggle-icon\">+<\/span>\r\n        <\/p><div class=\"accordion-content\" style=\"display:none;\"><a class=\"mt-25\" href=\"tel:+358505810273\">+358 50 581 0273<\/a><a href=\"mailto:toni.jarvinen@urv.fi\">toni.jarvinen@urv.fi<\/a><\/div><\/div><\/div>\n<div id=\"logistiikka-ja-tilaustoimitusprosessi\" class=\"hk-rivi \"><div class=\"hk-tiedot\"><img decoding=\"async\" src=\"https:\/\/www.urv.fi\/content\/uploads\/2022\/06\/uudenkaupungin-rautavalimo-oy--irene-salminen_logistiikkapaallikko__-664x664.jpg\"><p><strong>Irene Salminen<\/strong> Logistics Manager<\/p><p class=\"accordion-toggle\" style=\"cursor:pointer;\">\r\n             Show contact information <span class=\"toggle-icon\">+<\/span>\r\n        <\/p><div class=\"accordion-content\" style=\"display:none;\"><a class=\"mt-25\" href=\"tel:+358504734529\">+358 50 473 4529<\/a><a href=\"mailto:irene.salminen@urv.fi\">irene.salminen@urv.fi<\/a><\/div><\/div><div class=\"hk-tiedot\"><img decoding=\"async\" src=\"https:\/\/www.urv.fi\/content\/uploads\/2022\/06\/uudenkaupungin-rautavalimo-oy--marko-vehniainen_tuontivalut-_-ostot-664x664.jpg\"><p><strong>Marko Vehni\u00e4inen<\/strong> Casting imports \/ Purchases<\/p><p class=\"accordion-toggle\" style=\"cursor:pointer;\">\r\n             Show contact information <span class=\"toggle-icon\">+<\/span>\r\n        <\/p><div class=\"accordion-content\" style=\"display:none;\"><a class=\"mt-25\" href=\"tel:+358447008562\">+358 44 700 8562<\/a><a href=\"mailto:marko.vehniainen@urv.fi\">marko.vehniainen@urv.fi<\/a><\/div><\/div><div class=\"hk-tiedot\"><img decoding=\"async\" src=\"https:\/\/www.urv.fi\/content\/uploads\/2022\/06\/uudenkaupungin-rautavalimo-oy--rauni-sand_logistiikka-asiantuntij-664x664.jpg\"><p><strong>Rauni Sand<\/strong> Logistics Specialist<\/p><p class=\"accordion-toggle\" style=\"cursor:pointer;\">\r\n             Show contact information <span class=\"toggle-icon\">+<\/span>\r\n        <\/p><div class=\"accordion-content\" style=\"display:none;\"><a class=\"mt-25\" href=\"tel:+358447008570\">+358 44 700 8570<\/a><a href=\"mailto:rauni.sand@urv.fi\">rauni.sand@urv.fi<\/a><\/div><\/div><div class=\"hk-tiedot\"><img decoding=\"async\" src=\"https:\/\/www.urv.fi\/content\/uploads\/2022\/06\/uudenkaupungin-rautavalimo-oy--kirsi-haatyla_tuotannon-assistentti__-664x664.jpg\"><p><strong>Kirsi H\u00e4\u00e4tyl\u00e4<\/strong> Sales assistant<\/p><p class=\"accordion-toggle\" style=\"cursor:pointer;\">\r\n             Show contact information <span class=\"toggle-icon\">+<\/span>\r\n        <\/p><div class=\"accordion-content\" style=\"display:none;\"><a class=\"mt-25\" href=\"tel:+358447008547\">+358 44 700 8547<\/a><a href=\"mailto:kirsi.haatyla@urv.fi\">kirsi.haatyla@urv.fi<\/a><\/div><\/div><\/div>\n<div id=\"urv-tuotanto\" class=\"hk-rivi \"><div class=\"hk-tiedot\"><img decoding=\"async\" src=\"https:\/\/www.urv.fi\/content\/uploads\/2022\/06\/uudenkaupungin-rautavalimo-oy--mikko-rasanen-tuotantopaallikko-664x664.jpg\"><p><strong>Mikko R\u00e4s\u00e4nen<\/strong> Foundry Director<\/p><p class=\"accordion-toggle\" style=\"cursor:pointer;\">\r\n             Show contact information <span class=\"toggle-icon\">+<\/span>\r\n        <\/p><div class=\"accordion-content\" style=\"display:none;\"><a class=\"mt-25\" href=\"tel:+358447008501\">+358 44 700 8501<\/a><a href=\"mailto:mikko.rasanen@urv.fi\">mikko.rasanen@urv.fi<\/a><\/div><\/div><div class=\"hk-tiedot\"><img decoding=\"async\" src=\"https:\/\/www.urv.fi\/content\/uploads\/2022\/06\/uudenkaupungin-rautavalimo-oy--arttu-kaukkila_laatupaallikko-664x664.jpg\"><p><strong>Arttu Kaukkila<\/strong> Quality Manager<\/p><p class=\"accordion-toggle\" style=\"cursor:pointer;\">\r\n             Show contact information <span class=\"toggle-icon\">+<\/span>\r\n        <\/p><div class=\"accordion-content\" style=\"display:none;\"><a class=\"mt-25\" href=\"tel:+358452265303\">+358 45 226 5303<\/a><a href=\"mailto:arttu.kaukkila@urv.fi\">arttu.kaukkila@urv.fi<\/a><\/div><\/div><div class=\"hk-tiedot\"><img decoding=\"async\" src=\"https:\/\/www.urv.fi\/content\/uploads\/2022\/06\/uudenkaupungin-rautavalimo-oy--jaakko-karkkainen_tuotannonsuunnittelu__-664x664.jpg\"><p><strong>Jaakko K\u00e4rkk\u00e4inen<\/strong> Production Planning<\/p><p class=\"accordion-toggle\" style=\"cursor:pointer;\">\r\n             Show contact information <span class=\"toggle-icon\">+<\/span>\r\n        <\/p><div class=\"accordion-content\" style=\"display:none;\"><a class=\"mt-25\" href=\"tel:+358447008552\">+358 44 700 8552<\/a><a href=\"mailto:jaakko.karkkainen@urv.fi\">jaakko.karkkainen@urv.fi<\/a><\/div><\/div><div class=\"hk-tiedot\"><img decoding=\"async\" src=\"https:\/\/www.urv.fi\/content\/uploads\/2022\/06\/uudenkaupungin-rautavalimo-oy--kimmo-markela_menetelmakehitys-664x664.jpg\"><p><strong>Kimmo Markela<\/strong> Methods<\/p><p class=\"accordion-toggle\" style=\"cursor:pointer;\">\r\n             Show contact information <span class=\"toggle-icon\">+<\/span>\r\n        <\/p><div class=\"accordion-content\" style=\"display:none;\"><a class=\"mt-25\" href=\"tel:+358505904724\">+358 50 590 4724<\/a><a href=\"mailto:kimmo.markela@urv.fi\">kimmo.markela@urv.fi<\/a><\/div><\/div><div class=\"hk-tiedot\"><img decoding=\"async\" src=\"https:\/\/www.urv.fi\/content\/uploads\/2022\/06\/uudenkaupungin-rautavalimo-oy--henri-rajala_tuotantoinsinoori-664x664.jpg\"><p><strong>Henri Rajala<\/strong> Production Engineer<\/p><p class=\"accordion-toggle\" style=\"cursor:pointer;\">\r\n             Show contact information <span class=\"toggle-icon\">+<\/span>\r\n        <\/p><div class=\"accordion-content\" style=\"display:none;\"><a class=\"mt-25\" href=\"tel:+358504637519\">+358 50 463 7519<\/a><a href=\"mailto:henri.rajala@urv.fi\">henri.rajala@urv.fi<\/a><\/div><\/div><div class=\"hk-tiedot\"><img decoding=\"async\" src=\"https:\/\/www.urv.fi\/content\/uploads\/2022\/06\/uudenkaupungin-rautavalimo-oy--henri-viikman_kunnossapidon-tyonjohtaja-664x664.jpg\"><p><strong>Henri Viikman<\/strong> Maintenance Foreman<\/p><p class=\"accordion-toggle\" style=\"cursor:pointer;\">\r\n             Show contact information <span class=\"toggle-icon\">+<\/span>\r\n        <\/p><div class=\"accordion-content\" style=\"display:none;\"><a class=\"mt-25\" href=\"tel:+358505904721\">+358 50 590 4721<\/a><a href=\"mailto:henri.viikman@urv.fi\">henri.viikman@urv.fi<\/a><\/div><\/div><div class=\"hk-tiedot\"><img decoding=\"async\" src=\"https:\/\/www.urv.fi\/content\/uploads\/2022\/06\/uudenkaupungin-rautavalimo-oy--petri-rinne_tuotannon-tyonjohtaja-664x664.jpg\"><p><strong>Petri Rinne<\/strong> Production Foreman<\/p><p class=\"accordion-toggle\" style=\"cursor:pointer;\">\r\n             Show contact information <span class=\"toggle-icon\">+<\/span>\r\n        <\/p><div class=\"accordion-content\" style=\"display:none;\"><a class=\"mt-25\" href=\"tel:+358504688180\">+358 50 468 8180<\/a><a href=\"mailto:petri.rinne@urv.fi\">petri.rinne@urv.fi<\/a><\/div><\/div><div class=\"hk-tiedot\"><img decoding=\"async\" src=\"https:\/\/www.urv.fi\/content\/uploads\/2023\/05\/petteri-hyvarinen_0212-664x664.jpg\"><p><strong>Petteri Hyv\u00e4rinen<\/strong> Production Foreman<\/p><p class=\"accordion-toggle\" style=\"cursor:pointer;\">\r\n             Show contact information <span class=\"toggle-icon\">+<\/span>\r\n        <\/p><div class=\"accordion-content\" style=\"display:none;\"><a class=\"mt-25\" href=\"tel:+358447008592\">+358 44 700 8592<\/a><a href=\"mailto:petteri.hyvarinen@urv.fi\">petteri.hyvarinen@urv.fi<\/a><\/div><\/div><div class=\"hk-tiedot\"><img decoding=\"async\" src=\"https:\/\/www.urv.fi\/content\/uploads\/2023\/05\/marjo-heikkila_0282-664x664.jpg\"><p><strong>Marjo Ylitarvas<\/strong> Production Assistant<\/p><p class=\"accordion-toggle\" style=\"cursor:pointer;\">\r\n             Show contact information <span class=\"toggle-icon\">+<\/span>\r\n        <\/p><div class=\"accordion-content\" style=\"display:none;\"><a class=\"mt-25\" href=\"tel:+358503200590\">+358 50 320 0590<\/a><a href=\"mailto:marjo.heikkila@urv.fi\">marjo.heikkila@urv.fi<\/a><\/div><\/div><\/div>\n<div id=\"urv-china\" class=\"hk-rivi \"><div class=\"hk-tiedot\"><img decoding=\"async\" src=\"https:\/\/www.urv.fi\/content\/uploads\/2022\/06\/uudenkaupungin-rautavalimo-oy--erno-tomminen_johtaja-urv-china-664x664.jpg\"><p><strong>Erno Tomminen<\/strong> General Manager, URV China<\/p><p class=\"accordion-toggle\" style=\"cursor:pointer;\">\r\n             Show contact information <span class=\"toggle-icon\">+<\/span>\r\n        <\/p><div class=\"accordion-content\" style=\"display:none;\"><a class=\"mt-25\" href=\"tel:+8618661973930\">+86 186 6197 3930<\/a><\/div><\/div><div class=\"hk-tiedot\"><img decoding=\"async\" src=\"https:\/\/www.urv.fi\/content\/uploads\/2022\/06\/uudenkaupungin-rautavalimo-oy--jason-huang-apulaisjohtaja-urv-china-664x664.jpg\"><p><strong>Jason Huang<\/strong> Deputy General Manager, URV China<\/p><\/div><div class=\"hk-tiedot\"><img decoding=\"async\" src=\"https:\/\/www.urv.fi\/content\/uploads\/2022\/06\/uudenkaupungin-rautavalimo-oy--alex-yang-toimistopaallikko-664x664.jpg\"><p><strong>Alex Yang<\/strong> Office Manager<\/p><\/div><div class=\"hk-tiedot\"><img decoding=\"async\" src=\"https:\/\/www.urv.fi\/content\/uploads\/2022\/06\/uudenkaupungin-rautavalimo-oy--jinbao-zhang-laatu-ja-kehitysinsinoori-664x664.jpg\"><p><strong>Jinbao Zhang<\/strong> Quality and Development Engineer<\/p><\/div><div class=\"hk-tiedot\"><img decoding=\"async\" src=\"https:\/\/www.urv.fi\/content\/uploads\/2022\/06\/uudenkaupungin-rautavalimo-oy--simon-sun-laatuinsinoori-664x664.jpg\"><p><strong>Simon Sun<\/strong> Quality Measurement Engineer<\/p><\/div><\/div>\n<div id=\"talous\" class=\"hk-rivi \"><div class=\"hk-tiedot\"><img decoding=\"async\" src=\"https:\/\/www.urv.fi\/content\/uploads\/2022\/06\/uudenkaupungin-rautavalimo-oy--totti-arell_talousjohtaja-664x664.jpg\"><p><strong>Totti Arell<\/strong> Chief Financial Officer<\/p><p class=\"accordion-toggle\" style=\"cursor:pointer;\">\r\n             Show contact information <span class=\"toggle-icon\">+<\/span>\r\n        <\/p><div class=\"accordion-content\" style=\"display:none;\"><a class=\"mt-25\" href=\"tel:+358405561123\">+358 40 556 1123<\/a><a href=\"mailto:totti.arell@urv.fi\">totti.arell@urv.fi<\/a><\/div><\/div><\/div>\n<h2>\n\t\tINVOICING <strong>e-invoices<\/strong>\n\t<\/h2>\n\t<h3>Uudenkaupungin Rautavalimo Oy<\/h3>\n<p>Betorantie 30, FI-23500 Uusikaupunki, Finland<\/p>\nAddress for e-invoices: 003717037168<br>\nOperator ID: 003721291126<br>\nOperator: Maventa<br>\nBanking network operator: DABAFIHH\n<a href=\"mailto:urv@urv.fi\">urv@urv.fi<\/a><br>\n<a href=\"tel:+35828429000\">+358 2 842 9000<\/a>\n","protected":false},"excerpt":{"rendered":"<p>Contact details Easy to reach, flexible in service Contact Reachable and flexible INVOICING e-invoices Uudenkaupungin Rautavalimo Oy Betorantie 30, FI-23500 Uusikaupunki, Finland Address for e-invoices: 003717037168 Operator ID: 003721291126 Operator: Maventa Banking network operator: DABAFIHH urv@urv.fi +358 2 842 9000<\/p>\n","protected":false},"author":1,"featured_media":0,"parent":0,"menu_order":0,"comment_status":"closed","ping_status":"closed","template":"","meta":{"_acf_changed":false,"footnotes":""},"class_list":["post-1005","page","type-page","status-publish","hentry"],"acf":[],"_links":{"self":[{"href":"https:\/\/www.urv.fi\/en\/wp-json\/wp\/v2\/pages\/1005","targetHints":{"allow":["GET"]}}],"collection":[{"href":"https:\/\/www.urv.fi\/en\/wp-json\/wp\/v2\/pages"}],"about":[{"href":"https:\/\/www.urv.fi\/en\/wp-json\/wp\/v2\/types\/page"}],"author":[{"embeddable":true,"href":"https:\/\/www.urv.fi\/en\/wp-json\/wp\/v2\/users\/1"}],"replies":[{"embeddable":true,"href":"https:\/\/www.urv.fi\/en\/wp-json\/wp\/v2\/comments?post=1005"}],"version-history":[{"count":5,"href":"https:\/\/www.urv.fi\/en\/wp-json\/wp\/v2\/pages\/1005\/revisions"}],"predecessor-version":[{"id":1136,"href":"https:\/\/www.urv.fi\/en\/wp-json\/wp\/v2\/pages\/1005\/revisions\/1136"}],"wp:attachment":[{"href":"https:\/\/www.urv.fi\/en\/wp-json\/wp\/v2\/media?parent=1005"}],"curies":[{"name":"wp","href":"https:\/\/api.w.org\/{rel}","templated":true}]}}